{"id":6239,"date":"2023-03-20T02:12:31","date_gmt":"2023-03-20T01:12:31","guid":{"rendered":"https:\/\/chrysalid2-0.fr\/psycho-energie\/?page_id=6239"},"modified":"2025-12-01T15:59:29","modified_gmt":"2025-12-01T14:59:29","slug":"design-humain","status":"publish","type":"page","link":"https:\/\/chrysalid2-0.fr\/psycho-energie\/design-humain\/","title":{"rendered":"Design Humain"},"content":{"rendered":"\t\t<div data-elementor-type=\"wp-page\" data-elementor-id=\"6239\" class=\"elementor elementor-6239\">\n\t\t\t\t\t\t<section class=\"elementor-section elementor-top-section elementor-element elementor-element-d6dee54 elementor-section-full_width elementor-section-content-top elementor-section-items-top elementor-section-height-min-height elementor-section-height-default wpr-particle-no wpr-jarallax-no wpr-parallax-no wpr-sticky-section-no wpr-equal-height-no\" data-id=\"d6dee54\" data-element_type=\"section\" data-e-type=\"section\" data-settings=\"{&quot;background_background&quot;:&quot;classic&quot;,&quot;animation_mobile&quot;:&quot;none&quot;}\">\n\t\t\t\t\t\t\t<div class=\"elementor-background-overlay\"><\/div>\n\t\t\t\t\t\t\t<div class=\"elementor-container elementor-column-gap-default\">\n\t\t\t\t\t<div class=\"elementor-column elementor-col-100 elementor-top-column elementor-element elementor-element-fe307a5\" data-id=\"fe307a5\" data-element_type=\"column\" data-e-type=\"column\">\n\t\t\t<div class=\"elementor-widget-wrap elementor-element-populated\">\n\t\t\t\t\t\t<div class=\"elementor-element elementor-element-a8b5d93 elementor-widget elementor-widget-heading\" data-id=\"a8b5d93\" data-element_type=\"widget\" data-e-type=\"widget\" data-widget_type=\"heading.default\">\n\t\t\t\t<div class=\"elementor-widget-container\">\n\t\t\t\t\t<h1 class=\"elementor-heading-title elementor-size-default\">Design Humain<\/h1>\t\t\t\t<\/div>\n\t\t\t\t<\/div>\n\t\t\t\t\t<\/div>\n\t\t<\/div>\n\t\t\t\t\t<\/div>\n\t\t<\/section>\n\t\t\t\t<section class=\"elementor-section elementor-top-section elementor-element elementor-element-72167c3 elementor-section-stretched elementor-section-boxed elementor-section-height-default elementor-section-height-default wpr-particle-no wpr-jarallax-no wpr-parallax-no wpr-sticky-section-no wpr-equal-height-no\" data-id=\"72167c3\" data-element_type=\"section\" data-e-type=\"section\" data-settings=\"{&quot;stretch_section&quot;:&quot;section-stretched&quot;}\">\n\t\t\t\t\t\t<div class=\"elementor-container elementor-column-gap-default\">\n\t\t\t\t\t<div class=\"elementor-column elementor-col-100 elementor-top-column elementor-element elementor-element-6a3ff79\" data-id=\"6a3ff79\" data-element_type=\"column\" data-e-type=\"column\">\n\t\t\t<div class=\"elementor-widget-wrap elementor-element-populated\">\n\t\t\t\t\t\t<section class=\"elementor-section elementor-inner-section elementor-element elementor-element-26a52c8 elementor-section-boxed elementor-section-height-default elementor-section-height-default wpr-particle-no wpr-jarallax-no wpr-parallax-no wpr-sticky-section-no wpr-equal-height-no\" data-id=\"26a52c8\" data-element_type=\"section\" data-e-type=\"section\">\n\t\t\t\t\t\t<div class=\"elementor-container elementor-column-gap-default\">\n\t\t\t\t\t<div class=\"elementor-column elementor-col-100 elementor-inner-column elementor-element elementor-element-e87381d\" data-id=\"e87381d\" data-element_type=\"column\" data-e-type=\"column\">\n\t\t\t<div class=\"elementor-widget-wrap elementor-element-populated\">\n\t\t\t\t\t\t<div class=\"elementor-element elementor-element-579da26 elementor-widget elementor-widget-heading\" data-id=\"579da26\" data-element_type=\"widget\" data-e-type=\"widget\" data-widget_type=\"heading.default\">\n\t\t\t\t<div class=\"elementor-widget-container\">\n\t\t\t\t\t<h2 class=\"elementor-heading-title elementor-size-default\"><a href=\"https:\/\/chrysalid2-0.fr\/psycho-energie\/design-humain\/decouvrir-le-design-humain\/\">Qu'est-ce que le Design Humain ?<\/a><\/h2>\t\t\t\t<\/div>\n\t\t\t\t<\/div>\n\t\t\t\t<div class=\"elementor-element elementor-element-38d2d14 elementor-widget elementor-widget-heading\" data-id=\"38d2d14\" data-element_type=\"widget\" data-e-type=\"widget\" data-widget_type=\"heading.default\">\n\t\t\t\t<div class=\"elementor-widget-container\">\n\t\t\t\t\t<h2 class=\"elementor-heading-title elementor-size-default\"><a href=\"https:\/\/chrysalid2-0.fr\/psycho-energie\/design-humain\/decouvrir-votre-charte-de-design-humain\/\">D\u00e9couvrir votre charte de Design Humain<\/a><\/h2>\t\t\t\t<\/div>\n\t\t\t\t<\/div>\n\t\t\t\t<div class=\"elementor-element elementor-element-a54c0ad elementor-widget elementor-widget-heading\" data-id=\"a54c0ad\" data-element_type=\"widget\" data-e-type=\"widget\" data-widget_type=\"heading.default\">\n\t\t\t\t<div class=\"elementor-widget-container\">\n\t\t\t\t\t<h2 class=\"elementor-heading-title elementor-size-default\"><a href=\"https:\/\/chrysalid2-0.fr\/psycho-energie\/services\/design-humain-manuel-personnalise\/\">Votre Manuel personnalis\u00e9 de Design Humain<\/a><\/h2>\t\t\t\t<\/div>\n\t\t\t\t<\/div>\n\t\t\t\t<div class=\"elementor-element elementor-element-2eb6756 elementor-widget elementor-widget-heading\" data-id=\"2eb6756\" data-element_type=\"widget\" data-e-type=\"widget\" data-widget_type=\"heading.default\">\n\t\t\t\t<div class=\"elementor-widget-container\">\n\t\t\t\t\t<h2 class=\"elementor-heading-title elementor-size-default\"><a href=\"https:\/\/chrysalid2-0.fr\/psycho-energie\/services\/seance-de-design-humain\/\">S\u00e9ance d'analyse de Design Humain<\/a><\/h2>\t\t\t\t<\/div>\n\t\t\t\t<\/div>\n\t\t\t\t\t<\/div>\n\t\t<\/div>\n\t\t\t\t\t<\/div>\n\t\t<\/section>\n\t\t\t\t\t<\/div>\n\t\t<\/div>\n\t\t\t\t\t<\/div>\n\t\t<\/section>\n\t\t\t\t<section class=\"elementor-section elementor-top-section elementor-element elementor-element-d42a7dd elementor-section-full_width elementor-section-content-top elementor-section-items-top elementor-section-height-min-height elementor-section-height-default wpr-particle-no wpr-jarallax-no wpr-parallax-no wpr-sticky-section-no wpr-equal-height-no\" data-id=\"d42a7dd\" data-element_type=\"section\" data-e-type=\"section\" data-settings=\"{&quot;background_background&quot;:&quot;classic&quot;,&quot;animation_mobile&quot;:&quot;none&quot;}\">\n\t\t\t\t\t\t\t<div class=\"elementor-background-overlay\"><\/div>\n\t\t\t\t\t\t\t<div class=\"elementor-container elementor-column-gap-default\">\n\t\t\t\t\t<div class=\"elementor-column elementor-col-100 elementor-top-column elementor-element elementor-element-266f839\" data-id=\"266f839\" data-element_type=\"column\" data-e-type=\"column\">\n\t\t\t<div class=\"elementor-widget-wrap\">\n\t\t\t\t\t\t\t<\/div>\n\t\t<\/div>\n\t\t\t\t\t<\/div>\n\t\t<\/section>\n\t\t\t\t<\/div>\n\t\t","protected":false},"excerpt":{"rendered":"<p>Design Humain Qu&rsquo;est-ce que le Design Humain ? D\u00e9couvrir votre charte de Design Humain Votre Manuel personnalis\u00e9 de Design Humain S\u00e9ance d&rsquo;analyse de Design Humain<\/p>\n","protected":false},"author":1,"featured_media":7672,"parent":0,"menu_order":3,"comment_status":"closed","ping_status":"closed","template":"","meta":{"site-sidebar-layout":"no-sidebar","site-content-layout":"page-builder","ast-site-content-layout":"full-width-container","site-content-style":"unboxed","site-sidebar-style":"unboxed","ast-global-header-display":"","ast-banner-title-visibility":"","ast-main-header-display":"","ast-hfb-above-header-display":"","ast-hfb-below-header-display":"","ast-hfb-mobile-header-display":"","site-post-title":"disabled","ast-breadcrumbs-content":"","ast-featured-img":"disabled","footer-sml-layout":"","ast-disable-related-posts":"","theme-transparent-header-meta":"","adv-header-id-meta":"","stick-header-meta":"","header-above-stick-meta":"","header-main-stick-meta":"","header-below-stick-meta":"","astra-migrate-meta-layouts":"set","ast-page-background-enabled":"default","ast-page-background-meta":{"desktop":{"background-color":"var(--ast-global-color-4)","background-image":"","background-repeat":"repeat","background-position":"center center","background-size":"auto","background-attachment":"scroll","background-type":"","background-media":"","overlay-type":"","overlay-color":"","overlay-opacity":"","overlay-gradient":""},"tablet":{"background-color":"","background-image":"","background-repeat":"repeat","background-position":"center center","background-size":"auto","background-attachment":"scroll","background-type":"","background-media":"","overlay-type":"","overlay-color":"","overlay-opacity":"","overlay-gradient":""},"mobile":{"background-color":"","background-image":"","background-repeat":"repeat","background-position":"center center","background-size":"auto","background-attachment":"scroll","background-type":"","background-media":"","overlay-type":"","overlay-color":"","overlay-opacity":"","overlay-gradient":""}},"ast-content-background-meta":{"desktop":{"background-color":"var(--ast-global-color-5)","background-image":"","background-repeat":"repeat","background-position":"center center","background-size":"auto","background-attachment":"scroll","background-type":"","background-media":"","overlay-type":"","overlay-color":"","overlay-opacity":"","overlay-gradient":""},"tablet":{"background-color":"var(--ast-global-color-5)","background-image":"","background-repeat":"repeat","background-position":"center center","background-size":"auto","background-attachment":"scroll","background-type":"","background-media":"","overlay-type":"","overlay-color":"","overlay-opacity":"","overlay-gradient":""},"mobile":{"background-color":"var(--ast-global-color-5)","background-image":"","background-repeat":"repeat","background-position":"center center","background-size":"auto","background-attachment":"scroll","background-type":"","background-media":"","overlay-type":"","overlay-color":"","overlay-opacity":"","overlay-gradient":""}},"footnotes":""},"class_list":["post-6239","page","type-page","status-publish","has-post-thumbnail","hentry"],"yoast_head":"<!-- This site is optimized with the Yoast SEO plugin v27.4 - https:\/\/yoast.com\/product\/yoast-seo-wordpress\/ -->\n<title>Design Humain - Chrysalid 2.0 - Psycho-\u00e9nergie &amp; Design Humain<\/title>\n<meta name=\"description\" content=\"Le Design Humain, un outil pr\u00e9cis et complet de connaissance de soi permettant de se reconnecter \u00e0 sa vraie nature.\" \/>\n<meta name=\"robots\" content=\"index, follow, max-snippet:-1, max-image-preview:large, max-video-preview:-1\" \/>\n<link rel=\"canonical\" href=\"https:\/\/chrysalid2-0.fr\/psycho-energie\/design-humain\/\" \/>\n<meta property=\"og:locale\" content=\"fr_FR\" \/>\n<meta property=\"og:type\" content=\"article\" \/>\n<meta property=\"og:title\" content=\"Design Humain - Votre Manuel personnalis\u00e9\" \/>\n<meta property=\"og:description\" content=\"Commandez votre Manuel personnalis\u00e9 de Design Humain, un outil pr\u00e9cis et complet de connaissance de soi permettant de se reconnecter \u00e0 sa vraie nature.\" \/>\n<meta property=\"og:url\" content=\"https:\/\/chrysalid2-0.fr\/psycho-energie\/design-humain\/\" \/>\n<meta property=\"og:site_name\" content=\"Chrysalid 2.0 - Psycho-\u00e9nergie &amp; Design Humain\" \/>\n<meta property=\"article:publisher\" content=\"https:\/\/www.facebook.com\/chrysalid2.0\" \/>\n<meta property=\"article:modified_time\" content=\"2025-12-01T14:59:29+00:00\" \/>\n<meta property=\"og:image\" content=\"https:\/\/chrysalid2-0.fr\/psycho-energie\/wp-content\/uploads\/sites\/4\/2023\/09\/couverture-dh.jpg\" \/>\n\t<meta property=\"og:image:width\" content=\"1200\" \/>\n\t<meta property=\"og:image:height\" content=\"700\" \/>\n\t<meta property=\"og:image:type\" content=\"image\/jpeg\" \/>\n<meta name=\"twitter:card\" content=\"summary_large_image\" \/>\n<meta name=\"twitter:label1\" content=\"Dur\u00e9e de lecture estim\u00e9e\" \/>\n\t<meta name=\"twitter:data1\" content=\"1 minute\" \/>\n<script type=\"application\/ld+json\" class=\"yoast-schema-graph\">{\"@context\":\"https:\\\/\\\/schema.org\",\"@graph\":[{\"@type\":\"WebPage\",\"@id\":\"https:\\\/\\\/chrysalid2-0.fr\\\/psycho-energie\\\/design-humain\\\/\",\"url\":\"https:\\\/\\\/chrysalid2-0.fr\\\/psycho-energie\\\/design-humain\\\/\",\"name\":\"Design Humain - Chrysalid 2.0 - Psycho-\u00e9nergie & Design Humain\",\"isPartOf\":{\"@id\":\"https:\\\/\\\/chrysalid2-0.fr\\\/psycho-energie\\\/#website\"},\"primaryImageOfPage\":{\"@id\":\"https:\\\/\\\/chrysalid2-0.fr\\\/psycho-energie\\\/design-humain\\\/#primaryimage\"},\"image\":{\"@id\":\"https:\\\/\\\/chrysalid2-0.fr\\\/psycho-energie\\\/design-humain\\\/#primaryimage\"},\"thumbnailUrl\":\"https:\\\/\\\/chrysalid2-0.fr\\\/psycho-energie\\\/wp-content\\\/uploads\\\/sites\\\/4\\\/2023\\\/09\\\/couverture-dh.jpg\",\"datePublished\":\"2023-03-20T01:12:31+00:00\",\"dateModified\":\"2025-12-01T14:59:29+00:00\",\"description\":\"Le Design Humain, un outil pr\u00e9cis et complet de connaissance de soi permettant de se reconnecter \u00e0 sa vraie nature.\",\"breadcrumb\":{\"@id\":\"https:\\\/\\\/chrysalid2-0.fr\\\/psycho-energie\\\/design-humain\\\/#breadcrumb\"},\"inLanguage\":\"fr-FR\",\"potentialAction\":[{\"@type\":\"ReadAction\",\"target\":[\"https:\\\/\\\/chrysalid2-0.fr\\\/psycho-energie\\\/design-humain\\\/\"]}]},{\"@type\":\"ImageObject\",\"inLanguage\":\"fr-FR\",\"@id\":\"https:\\\/\\\/chrysalid2-0.fr\\\/psycho-energie\\\/design-humain\\\/#primaryimage\",\"url\":\"https:\\\/\\\/chrysalid2-0.fr\\\/psycho-energie\\\/wp-content\\\/uploads\\\/sites\\\/4\\\/2023\\\/09\\\/couverture-dh.jpg\",\"contentUrl\":\"https:\\\/\\\/chrysalid2-0.fr\\\/psycho-energie\\\/wp-content\\\/uploads\\\/sites\\\/4\\\/2023\\\/09\\\/couverture-dh.jpg\",\"width\":1200,\"height\":700,\"caption\":\"D\u00e9couvrir le Design Humain\"},{\"@type\":\"BreadcrumbList\",\"@id\":\"https:\\\/\\\/chrysalid2-0.fr\\\/psycho-energie\\\/design-humain\\\/#breadcrumb\",\"itemListElement\":[{\"@type\":\"ListItem\",\"position\":1,\"name\":\"Accueil\",\"item\":\"https:\\\/\\\/chrysalid2-0.fr\\\/psycho-energie\\\/\"},{\"@type\":\"ListItem\",\"position\":2,\"name\":\"Design Humain\"}]},{\"@type\":\"WebSite\",\"@id\":\"https:\\\/\\\/chrysalid2-0.fr\\\/psycho-energie\\\/#website\",\"url\":\"https:\\\/\\\/chrysalid2-0.fr\\\/psycho-energie\\\/\",\"name\":\"Chrysalid 2.0 - Psycho-\u00e9nergie & Design Humain\",\"description\":\"Osez le chemin de l&#039;authenticit\u00e9 !\",\"publisher\":{\"@id\":\"https:\\\/\\\/chrysalid2-0.fr\\\/psycho-energie\\\/#organization\"},\"alternateName\":\"Chrysalid 2.0\",\"potentialAction\":[{\"@type\":\"SearchAction\",\"target\":{\"@type\":\"EntryPoint\",\"urlTemplate\":\"https:\\\/\\\/chrysalid2-0.fr\\\/psycho-energie\\\/?s={search_term_string}\"},\"query-input\":{\"@type\":\"PropertyValueSpecification\",\"valueRequired\":true,\"valueName\":\"search_term_string\"}}],\"inLanguage\":\"fr-FR\"},{\"@type\":\"Organization\",\"@id\":\"https:\\\/\\\/chrysalid2-0.fr\\\/psycho-energie\\\/#organization\",\"name\":\"Chrysalid 2.0 - Psycho-\u00e9nergie & Design Humain\",\"alternateName\":\"Chrysalid 2.0\",\"url\":\"https:\\\/\\\/chrysalid2-0.fr\\\/psycho-energie\\\/\",\"logo\":{\"@type\":\"ImageObject\",\"inLanguage\":\"fr-FR\",\"@id\":\"https:\\\/\\\/chrysalid2-0.fr\\\/psycho-energie\\\/#\\\/schema\\\/logo\\\/image\\\/\",\"url\":\"https:\\\/\\\/chrysalid2-0.fr\\\/psycho-energie\\\/wp-content\\\/uploads\\\/sites\\\/4\\\/2022\\\/10\\\/logo-chrysalid-2-0-350x350-1.jpg\",\"contentUrl\":\"https:\\\/\\\/chrysalid2-0.fr\\\/psycho-energie\\\/wp-content\\\/uploads\\\/sites\\\/4\\\/2022\\\/10\\\/logo-chrysalid-2-0-350x350-1.jpg\",\"width\":350,\"height\":350,\"caption\":\"Chrysalid 2.0 - Psycho-\u00e9nergie & Design Humain\"},\"image\":{\"@id\":\"https:\\\/\\\/chrysalid2-0.fr\\\/psycho-energie\\\/#\\\/schema\\\/logo\\\/image\\\/\"},\"sameAs\":[\"https:\\\/\\\/www.facebook.com\\\/chrysalid2.0\",\"https:\\\/\\\/www.instagram.com\\\/chrysalid2.0\\\/\",\"https:\\\/\\\/www.linkedin.com\\\/in\\\/sara-berbel-a488a2218\\\/\"]}]}<\/script>\n<!-- \/ Yoast SEO plugin. -->","yoast_head_json":{"title":"Design Humain - Chrysalid 2.0 - Psycho-\u00e9nergie & Design Humain","description":"Le Design Humain, un outil pr\u00e9cis et complet de connaissance de soi permettant de se reconnecter \u00e0 sa vraie nature.","robots":{"index":"index","follow":"follow","max-snippet":"max-snippet:-1","max-image-preview":"max-image-preview:large","max-video-preview":"max-video-preview:-1"},"canonical":"https:\/\/chrysalid2-0.fr\/psycho-energie\/design-humain\/","og_locale":"fr_FR","og_type":"article","og_title":"Design Humain - Votre Manuel personnalis\u00e9","og_description":"Commandez votre Manuel personnalis\u00e9 de Design Humain, un outil pr\u00e9cis et complet de connaissance de soi permettant de se reconnecter \u00e0 sa vraie nature.","og_url":"https:\/\/chrysalid2-0.fr\/psycho-energie\/design-humain\/","og_site_name":"Chrysalid 2.0 - Psycho-\u00e9nergie &amp; Design Humain","article_publisher":"https:\/\/www.facebook.com\/chrysalid2.0","article_modified_time":"2025-12-01T14:59:29+00:00","og_image":[{"width":1200,"height":700,"url":"https:\/\/chrysalid2-0.fr\/psycho-energie\/wp-content\/uploads\/sites\/4\/2023\/09\/couverture-dh.jpg","type":"image\/jpeg"}],"twitter_card":"summary_large_image","twitter_misc":{"Dur\u00e9e de lecture estim\u00e9e":"1 minute"},"schema":{"@context":"https:\/\/schema.org","@graph":[{"@type":"WebPage","@id":"https:\/\/chrysalid2-0.fr\/psycho-energie\/design-humain\/","url":"https:\/\/chrysalid2-0.fr\/psycho-energie\/design-humain\/","name":"Design Humain - Chrysalid 2.0 - Psycho-\u00e9nergie & Design Humain","isPartOf":{"@id":"https:\/\/chrysalid2-0.fr\/psycho-energie\/#website"},"primaryImageOfPage":{"@id":"https:\/\/chrysalid2-0.fr\/psycho-energie\/design-humain\/#primaryimage"},"image":{"@id":"https:\/\/chrysalid2-0.fr\/psycho-energie\/design-humain\/#primaryimage"},"thumbnailUrl":"https:\/\/chrysalid2-0.fr\/psycho-energie\/wp-content\/uploads\/sites\/4\/2023\/09\/couverture-dh.jpg","datePublished":"2023-03-20T01:12:31+00:00","dateModified":"2025-12-01T14:59:29+00:00","description":"Le Design Humain, un outil pr\u00e9cis et complet de connaissance de soi permettant de se reconnecter \u00e0 sa vraie nature.","breadcrumb":{"@id":"https:\/\/chrysalid2-0.fr\/psycho-energie\/design-humain\/#breadcrumb"},"inLanguage":"fr-FR","potentialAction":[{"@type":"ReadAction","target":["https:\/\/chrysalid2-0.fr\/psycho-energie\/design-humain\/"]}]},{"@type":"ImageObject","inLanguage":"fr-FR","@id":"https:\/\/chrysalid2-0.fr\/psycho-energie\/design-humain\/#primaryimage","url":"https:\/\/chrysalid2-0.fr\/psycho-energie\/wp-content\/uploads\/sites\/4\/2023\/09\/couverture-dh.jpg","contentUrl":"https:\/\/chrysalid2-0.fr\/psycho-energie\/wp-content\/uploads\/sites\/4\/2023\/09\/couverture-dh.jpg","width":1200,"height":700,"caption":"D\u00e9couvrir le Design Humain"},{"@type":"BreadcrumbList","@id":"https:\/\/chrysalid2-0.fr\/psycho-energie\/design-humain\/#breadcrumb","itemListElement":[{"@type":"ListItem","position":1,"name":"Accueil","item":"https:\/\/chrysalid2-0.fr\/psycho-energie\/"},{"@type":"ListItem","position":2,"name":"Design Humain"}]},{"@type":"WebSite","@id":"https:\/\/chrysalid2-0.fr\/psycho-energie\/#website","url":"https:\/\/chrysalid2-0.fr\/psycho-energie\/","name":"Chrysalid 2.0 - Psycho-\u00e9nergie & Design Humain","description":"Osez le chemin de l&#039;authenticit\u00e9 !","publisher":{"@id":"https:\/\/chrysalid2-0.fr\/psycho-energie\/#organization"},"alternateName":"Chrysalid 2.0","potentialAction":[{"@type":"SearchAction","target":{"@type":"EntryPoint","urlTemplate":"https:\/\/chrysalid2-0.fr\/psycho-energie\/?s={search_term_string}"},"query-input":{"@type":"PropertyValueSpecification","valueRequired":true,"valueName":"search_term_string"}}],"inLanguage":"fr-FR"},{"@type":"Organization","@id":"https:\/\/chrysalid2-0.fr\/psycho-energie\/#organization","name":"Chrysalid 2.0 - Psycho-\u00e9nergie & Design Humain","alternateName":"Chrysalid 2.0","url":"https:\/\/chrysalid2-0.fr\/psycho-energie\/","logo":{"@type":"ImageObject","inLanguage":"fr-FR","@id":"https:\/\/chrysalid2-0.fr\/psycho-energie\/#\/schema\/logo\/image\/","url":"https:\/\/chrysalid2-0.fr\/psycho-energie\/wp-content\/uploads\/sites\/4\/2022\/10\/logo-chrysalid-2-0-350x350-1.jpg","contentUrl":"https:\/\/chrysalid2-0.fr\/psycho-energie\/wp-content\/uploads\/sites\/4\/2022\/10\/logo-chrysalid-2-0-350x350-1.jpg","width":350,"height":350,"caption":"Chrysalid 2.0 - Psycho-\u00e9nergie & Design Humain"},"image":{"@id":"https:\/\/chrysalid2-0.fr\/psycho-energie\/#\/schema\/logo\/image\/"},"sameAs":["https:\/\/www.facebook.com\/chrysalid2.0","https:\/\/www.instagram.com\/chrysalid2.0\/","https:\/\/www.linkedin.com\/in\/sara-berbel-a488a2218\/"]}]}},"_links":{"self":[{"href":"https:\/\/chrysalid2-0.fr\/psycho-energie\/wp-json\/wp\/v2\/pages\/6239","targetHints":{"allow":["GET"]}}],"collection":[{"href":"https:\/\/chrysalid2-0.fr\/psycho-energie\/wp-json\/wp\/v2\/pages"}],"about":[{"href":"https:\/\/chrysalid2-0.fr\/psycho-energie\/wp-json\/wp\/v2\/types\/page"}],"author":[{"embeddable":true,"href":"https:\/\/chrysalid2-0.fr\/psycho-energie\/wp-json\/wp\/v2\/users\/1"}],"replies":[{"embeddable":true,"href":"https:\/\/chrysalid2-0.fr\/psycho-energie\/wp-json\/wp\/v2\/comments?post=6239"}],"version-history":[{"count":7,"href":"https:\/\/chrysalid2-0.fr\/psycho-energie\/wp-json\/wp\/v2\/pages\/6239\/revisions"}],"predecessor-version":[{"id":12848,"href":"https:\/\/chrysalid2-0.fr\/psycho-energie\/wp-json\/wp\/v2\/pages\/6239\/revisions\/12848"}],"wp:featuredmedia":[{"embeddable":true,"href":"https:\/\/chrysalid2-0.fr\/psycho-energie\/wp-json\/wp\/v2\/media\/7672"}],"wp:attachment":[{"href":"https:\/\/chrysalid2-0.fr\/psycho-energie\/wp-json\/wp\/v2\/media?parent=6239"}],"curies":[{"name":"wp","href":"https:\/\/api.w.org\/{rel}","templated":true}]}}