{"id":3403,"date":"2022-11-14T14:02:09","date_gmt":"2022-11-14T13:02:09","guid":{"rendered":"https:\/\/chrysalid2-0.fr\/psycho-energie\/?page_id=3403"},"modified":"2025-03-06T10:23:45","modified_gmt":"2025-03-06T09:23:45","slug":"plan-du-site","status":"publish","type":"page","link":"https:\/\/chrysalid2-0.fr\/psycho-energie\/plan-du-site\/","title":{"rendered":"Plan du site"},"content":{"rendered":"<div class=\"wsp-container\"><h2 class=\"wsp-pages-title\">Pages<\/h2>\n<ul class=\"wsp-pages-list\">\n<li class=\"page_item page-item-383 menu-item\"><a href=\"https:\/\/chrysalid2-0.fr\/psycho-energie\/\" class=\"menu-link\">Psycho-\u00e9nergie &#038; Design Humain, pour mieux se comprendre et s&rsquo;\u00e9panouir<\/a><\/li>\n<li class=\"page_item page-item-6527 menu-item\"><a href=\"https:\/\/chrysalid2-0.fr\/psycho-energie\/psycho-energie\/\" class=\"menu-link\">Psycho-\u00e9nergie<\/a><\/li>\n<li class=\"page_item page-item-6239 page_item_has_children menu-item menu-item-has-children\"><a href=\"https:\/\/chrysalid2-0.fr\/psycho-energie\/design-humain\/\" class=\"menu-link\">Design Humain<\/a>\n<ul class='children'>\n\t<li class=\"page_item page-item-6248 menu-item\"><a href=\"https:\/\/chrysalid2-0.fr\/psycho-energie\/design-humain\/decouvrir-le-design-humain\/\" class=\"menu-link\">Qu&rsquo;est-ce que le Design Humain ?<\/a><\/li>\n\t<li class=\"page_item page-item-7575 menu-item\"><a href=\"https:\/\/chrysalid2-0.fr\/psycho-energie\/design-humain\/decouvrir-votre-charte-de-design-humain\/\" class=\"menu-link\">Calculer et d\u00e9couvrir votre charte de Design Humain<\/a><\/li>\n\t<li class=\"page_item page-item-12578 menu-item\"><a href=\"https:\/\/chrysalid2-0.fr\/psycho-energie\/design-humain\/charte-en-live\/\" class=\"menu-link\">Charte en Live<\/a><\/li>\n\t<li class=\"page_item page-item-12573 menu-item\"><a href=\"https:\/\/chrysalid2-0.fr\/psycho-energie\/design-humain\/charte-pour-manuel-personnalise\/\" class=\"menu-link\">Charte pour manuel personnalis\u00e9<\/a><\/li>\n\t<li class=\"page_item page-item-13266 menu-item\"><a href=\"https:\/\/chrysalid2-0.fr\/psycho-energie\/design-humain\/composite-transit-et-charte-personnelle\/\" class=\"menu-link\">Composite Transit &#038; Charte personnelle<\/a><\/li>\n\t<li class=\"page_item page-item-13201 menu-item\"><a href=\"https:\/\/chrysalid2-0.fr\/psycho-energie\/design-humain\/transit-actuel\/\" class=\"menu-link\">Transit actuel<\/a><\/li>\n<\/ul>\n<\/li>\n<li class=\"page_item page-item-12 page_item_has_children menu-item menu-item-has-children\"><a href=\"https:\/\/chrysalid2-0.fr\/psycho-energie\/services\/\" class=\"menu-link\">Accompagnements<\/a>\n<ul class='children'>\n\t<li class=\"page_item page-item-7190 menu-item\"><a href=\"https:\/\/chrysalid2-0.fr\/psycho-energie\/services\/seance-de-design-humain\/\" class=\"menu-link\">S\u00e9ance de Design Humain individuelle<\/a><\/li>\n\t<li class=\"page_item page-item-13529 menu-item\"><a href=\"https:\/\/chrysalid2-0.fr\/psycho-energie\/services\/seance-de-design-humain-couple-duo\/\" class=\"menu-link\">S\u00e9ance de Design Humain pour couple\/duo<\/a><\/li>\n\t<li class=\"page_item page-item-6011 menu-item\"><a href=\"https:\/\/chrysalid2-0.fr\/psycho-energie\/services\/design-humain-manuel-personnalise\/\" class=\"menu-link\">Manuel personnalis\u00e9 de Design Humain<\/a><\/li>\n\t<li class=\"page_item page-item-12256 menu-item\"><a href=\"https:\/\/chrysalid2-0.fr\/psycho-energie\/services\/pack-seance-de-design-humain-et-manuel\/\" class=\"menu-link\">Pack S\u00e9ance individuelle de Design Humain + 1 Manuel personnalis\u00e9<\/a><\/li>\n\t<li class=\"page_item page-item-12404 menu-item\"><a href=\"https:\/\/chrysalid2-0.fr\/psycho-energie\/services\/manuel-communiquer-de-facon-authentique-et-impactante\/\" class=\"menu-link\">Manuel \u00ab\u00a0Communiquer de fa\u00e7on authentique et impactante gr\u00e2ce au Design Humain\u00a0\u00bb<\/a><\/li>\n\t<li class=\"page_item page-item-5282 menu-item\"><a href=\"https:\/\/chrysalid2-0.fr\/psycho-energie\/services\/decodage-symptomes-soin\/\" class=\"menu-link\">S\u00e9ance D\u00e9codage sympt\u00f4mes + soin<\/a><\/li>\n\t<li class=\"page_item page-item-5405 menu-item\"><a href=\"https:\/\/chrysalid2-0.fr\/psycho-energie\/services\/seance-decouverte\/\" class=\"menu-link\">S\u00e9ance D\u00e9couverte Psycho-\u00e9nergie<\/a><\/li>\n\t<li class=\"page_item page-item-5407 menu-item\"><a href=\"https:\/\/chrysalid2-0.fr\/psycho-energie\/services\/programme-metamorphose\/\" class=\"menu-link\">Programme M\u00e9tamorphose<\/a><\/li>\n<\/ul>\n<\/li>\n<li class=\"page_item page-item-557 current_page_parent menu-item current-menu-parent\"><a href=\"https:\/\/chrysalid2-0.fr\/psycho-energie\/blog\/\" class=\"menu-link\">Blog<\/a><\/li>\n<li class=\"page_item page-item-4637 menu-item\"><a href=\"https:\/\/chrysalid2-0.fr\/psycho-energie\/paiement-par-carte\/\" class=\"menu-link\">Paiement par CB<\/a><\/li>\n<li class=\"page_item page-item-18 menu-item\"><a href=\"https:\/\/chrysalid2-0.fr\/psycho-energie\/qui-suis-je\/\" class=\"menu-link\">Qui suis-je ?<\/a><\/li>\n<li class=\"page_item page-item-20 menu-item\"><a href=\"https:\/\/chrysalid2-0.fr\/psycho-energie\/contact-et-infos\/\" class=\"menu-link\">Contact &#038; infos pratiques<\/a><\/li>\n<li class=\"page_item page-item-69 menu-item\"><a href=\"https:\/\/chrysalid2-0.fr\/psycho-energie\/mentions-legales\/\" class=\"menu-link\">Mentions l\u00e9gales<\/a><\/li>\n<li class=\"page_item page-item-3 menu-item\"><a href=\"https:\/\/chrysalid2-0.fr\/psycho-energie\/politique-de-confidentialite\/\" class=\"menu-link\">Politique de confidentialit\u00e9<\/a><\/li>\n<li class=\"page_item page-item-3338 menu-item\"><a href=\"https:\/\/chrysalid2-0.fr\/psycho-energie\/politique-de-cookies-ue\/\" class=\"menu-link\">Politique de cookies<\/a><\/li>\n<li class=\"page_item page-item-3403 menu-item\"><a href=\"https:\/\/chrysalid2-0.fr\/psycho-energie\/plan-du-site\/\" class=\"menu-link\">Plan du site<\/a><\/li>\n<\/ul>\n<h2 class=\"wsp-posts-title\">Articles par cat\u00e9gorie<\/h2>\n<ul class=\"wsp-posts-list\">\n\t<li><strong class=\"wsp-category-title\">Cat\u00e9gorie\u00a0: <a href=\"https:\/\/chrysalid2-0.fr\/psycho-energie\/category\/design-humain\/\">Design Humain<\/a><\/strong>\n<ul class=\"wsp-posts-list\">\t\t<li class=\"wsp-post\"><a href=\"https:\/\/chrysalid2-0.fr\/psycho-energie\/comment-communiquer-de-facon-authentique-et-impactante-grace-au-design-humain\/\">Comment communiquer de fa\u00e7on authentique et impactante gr\u00e2ce au Design Humain<\/a><\/li>\n\t\t<li class=\"wsp-post\"><a href=\"https:\/\/chrysalid2-0.fr\/psycho-energie\/design-humain-dis-moi-quand-tu-es-ne-et-je-te-dirai-qui-tu-es\/\">Design Humain : Dis-moi quand tu es n\u00e9 et je te dirai qui tu es<\/a><\/li>\n<\/ul><\/li>\n\t<li><strong class=\"wsp-category-title\">Cat\u00e9gorie\u00a0: <a href=\"https:\/\/chrysalid2-0.fr\/psycho-energie\/category\/imagine-que-tu-oses-et-que-tout-se-passe-bien\/\">Imagine que tu oses et que tout se passe bien<\/a><\/strong>\n<ul class=\"wsp-posts-list\">\t\t<li class=\"wsp-post\"><a href=\"https:\/\/chrysalid2-0.fr\/psycho-energie\/les-secrets-de-la-metamorphose-comment-passer-commande-a-lunivers\/\">Les secrets de la m\u00e9tamorphose \u2026 Comment passer commande \u00e0 l\u2019Univers ?<\/a><\/li>\n\t\t<li class=\"wsp-post\"><a href=\"https:\/\/chrysalid2-0.fr\/psycho-energie\/poisseuse-ou-chanceuse-la-metamorphose-de-victime-a-celle-qui-ose\/\">Poisseuse ou chanceuse ? La m\u00e9tamorphose \u2026 De victime \u00e0 celle qui ose !<\/a><\/li>\n\t\t<li class=\"wsp-post\"><a href=\"https:\/\/chrysalid2-0.fr\/psycho-energie\/quitter-un-cdi-pour-un-cdd-dun-mois\/\">Quitter un CDI pour un CDD d&rsquo;un mois<\/a><\/li>\n\t\t<li class=\"wsp-post\"><a href=\"https:\/\/chrysalid2-0.fr\/psycho-energie\/imagine-que-tu-oses-et-que-tout-se-passe-bien\/\">Imagine que tu oses &#8230; et que tout se passe bien !<\/a><\/li>\n<\/ul><\/li>\n\t<li><strong class=\"wsp-category-title\">Cat\u00e9gorie\u00a0: <a href=\"https:\/\/chrysalid2-0.fr\/psycho-energie\/category\/interviews\/\">Interviews<\/a><\/strong>\n<ul class=\"wsp-posts-list\">\t<li><strong class=\"wsp-category-title\">Cat\u00e9gorie\u00a0: <a href=\"https:\/\/chrysalid2-0.fr\/psycho-energie\/category\/interviews\/live-avec-muriel-max\/\">Live avec Muriel Max<\/a><\/strong>\n<\/li>\n<\/ul><\/li>\n\t<li><strong class=\"wsp-category-title\">Cat\u00e9gorie\u00a0: <a href=\"https:\/\/chrysalid2-0.fr\/psycho-energie\/category\/intuition-et-6eme-sens\/\">Intuition &amp; 6\u00e8me sens<\/a><\/strong>\n<ul class=\"wsp-posts-list\">\t\t<li class=\"wsp-post\"><a href=\"https:\/\/chrysalid2-0.fr\/psycho-energie\/guidance-du-coeur-vs-voix-du-mental\/\">Guidance du C\u0153ur VS Voix du Mental<\/a><\/li>\n<\/ul><\/li>\n\t<li><strong class=\"wsp-category-title\">Cat\u00e9gorie\u00a0: <a href=\"https:\/\/chrysalid2-0.fr\/psycho-energie\/category\/messages-de-lunivers\/\">Messages de l&#039;Univers<\/a><\/strong>\n<ul class=\"wsp-posts-list\">\t\t<li class=\"wsp-post\"><a href=\"https:\/\/chrysalid2-0.fr\/psycho-energie\/accompagner-quelquun\/\">Accompagner quelqu&rsquo;un<\/a><\/li>\n\t\t<li class=\"wsp-post\"><a href=\"https:\/\/chrysalid2-0.fr\/psycho-energie\/se-choisir-c-est-dire-non\/\">SE CHOISIR c&rsquo;est dire NON<\/a><\/li>\n\t\t<li class=\"wsp-post\"><a href=\"https:\/\/chrysalid2-0.fr\/psycho-energie\/la-lumiere-derriere-le-voile\/\">La Lumi\u00e8re derri\u00e8re le voile<\/a><\/li>\n\t<li><strong class=\"wsp-category-title\">Cat\u00e9gorie\u00a0: <a href=\"https:\/\/chrysalid2-0.fr\/psycho-energie\/category\/messages-de-lunivers\/bulletins-energetiques\/\">Bulletins \u00e9nerg\u00e9tiques<\/a><\/strong>\n<ul class=\"wsp-posts-list\">\t\t<li class=\"wsp-post\"><a href=\"https:\/\/chrysalid2-0.fr\/psycho-energie\/2026-commence-t-elle-vraiment-en-janvier\/\">2026 commence-t-elle vraiment en janvier ?<\/a><\/li>\n\t\t<li class=\"wsp-post\"><a href=\"https:\/\/chrysalid2-0.fr\/psycho-energie\/2023-une-annee-en-vibration-7\/\">2023, une ann\u00e9e en vibration 7<\/a><\/li>\n\t\t<li class=\"wsp-post\"><a href=\"https:\/\/chrysalid2-0.fr\/psycho-energie\/faites-vos-voeux\/\">Faites vos voeux !<\/a><\/li>\n<\/ul><\/li>\n\t<li><strong class=\"wsp-category-title\">Cat\u00e9gorie\u00a0: <a href=\"https:\/\/chrysalid2-0.fr\/psycho-energie\/category\/messages-de-lunivers\/pensee-du-jour\/\">Pens\u00e9e du jour<\/a><\/strong>\n<\/li>\n<\/ul><\/li>\n\t<li><strong class=\"wsp-category-title\">Cat\u00e9gorie\u00a0: <a href=\"https:\/\/chrysalid2-0.fr\/psycho-energie\/category\/voeux\/\">Voeux<\/a><\/strong>\n<ul class=\"wsp-posts-list\">\t\t<li class=\"wsp-post\"><a href=\"https:\/\/chrysalid2-0.fr\/psycho-energie\/bienvenue-2025\/\">Bonne ann\u00e9e 2025<\/a><\/li>\n\t\t<li class=\"wsp-post\"><a href=\"https:\/\/chrysalid2-0.fr\/psycho-energie\/bienvenue-2024\/\">Bienvenue 2024<\/a><\/li>\n\t\t<li class=\"wsp-post\"><a href=\"https:\/\/chrysalid2-0.fr\/psycho-energie\/bienvenue-2023\/\">Bienvenue 2023<\/a><\/li>\n\t\t<li class=\"wsp-post\"><a href=\"https:\/\/chrysalid2-0.fr\/psycho-energie\/joyeux-noel-2022\/\">Joyeux No\u00ebl 2022<\/a><\/li>\n<\/ul><\/li>\n<\/ul>\n<\/div>\n","protected":false},"excerpt":{"rendered":"","protected":false},"author":1,"featured_media":0,"parent":0,"menu_order":26,"comment_status":"closed","ping_status":"closed","template":"","meta":{"site-sidebar-layout":"no-sidebar","site-content-layout":"page-builder","ast-site-content-layout":"default","site-content-style":"default","site-sidebar-style":"default","ast-global-header-display":"","ast-banner-title-visibility":"","ast-main-header-display":"","ast-hfb-above-header-display":"","ast-hfb-below-header-display":"","ast-hfb-mobile-header-display":"","site-post-title":"","ast-breadcrumbs-content":"","ast-featured-img":"disabled","footer-sml-layout":"","ast-disable-related-posts":"","theme-transparent-header-meta":"","adv-header-id-meta":"","stick-header-meta":"","header-above-stick-meta":"","header-main-stick-meta":"","header-below-stick-meta":"","astra-migrate-meta-layouts":"default","ast-page-background-enabled":"default","ast-page-background-meta":{"desktop":{"background-color":"var(--ast-global-color-4)","background-image":"","background-repeat":"repeat","background-position":"center center","background-size":"auto","background-attachment":"scroll","background-type":"","background-media":"","overlay-type":"","overlay-color":"","overlay-opacity":"","overlay-gradient":""},"tablet":{"background-color":"","background-image":"","background-repeat":"repeat","background-position":"center center","background-size":"auto","background-attachment":"scroll","background-type":"","background-media":"","overlay-type":"","overlay-color":"","overlay-opacity":"","overlay-gradient":""},"mobile":{"background-color":"","background-image":"","background-repeat":"repeat","background-position":"center center","background-size":"auto","background-attachment":"scroll","background-type":"","background-media":"","overlay-type":"","overlay-color":"","overlay-opacity":"","overlay-gradient":""}},"ast-content-background-meta":{"desktop":{"background-color":"var(--ast-global-color-5)","background-image":"","background-repeat":"repeat","background-position":"center center","background-size":"auto","background-attachment":"scroll","background-type":"","background-media":"","overlay-type":"","overlay-color":"","overlay-opacity":"","overlay-gradient":""},"tablet":{"background-color":"var(--ast-global-color-5)","background-image":"","background-repeat":"repeat","background-position":"center center","background-size":"auto","background-attachment":"scroll","background-type":"","background-media":"","overlay-type":"","overlay-color":"","overlay-opacity":"","overlay-gradient":""},"mobile":{"background-color":"var(--ast-global-color-5)","background-image":"","background-repeat":"repeat","background-position":"center center","background-size":"auto","background-attachment":"scroll","background-type":"","background-media":"","overlay-type":"","overlay-color":"","overlay-opacity":"","overlay-gradient":""}},"footnotes":""},"class_list":["post-3403","page","type-page","status-publish","hentry"],"yoast_head":"<!-- This site is optimized with the Yoast SEO plugin v27.4 - https:\/\/yoast.com\/product\/yoast-seo-wordpress\/ -->\n<title>Chrysalid 2.0 - Psycho-\u00e9nergie &amp; Design Humain - Plan du site<\/title>\n<meta name=\"description\" content=\"Plan du site Chrysalid 2.0 - Psycho-\u00e9nergie : https:\/\/chrysalid2-0.fr\/psycho-energie\" \/>\n<meta name=\"robots\" content=\"index, follow, max-snippet:-1, max-image-preview:large, max-video-preview:-1\" \/>\n<link rel=\"canonical\" href=\"https:\/\/chrysalid2-0.fr\/psycho-energie\/plan-du-site\/\" \/>\n<meta property=\"og:locale\" content=\"fr_FR\" \/>\n<meta property=\"og:type\" content=\"article\" \/>\n<meta property=\"og:title\" content=\"Chrysalid 2.0 - Psycho-\u00e9nergie &amp; Design Humain - Plan du site\" \/>\n<meta property=\"og:description\" content=\"Plan du site Chrysalid 2.0 - Psycho-\u00e9nergie : https:\/\/chrysalid2-0.fr\/psycho-energie\" \/>\n<meta property=\"og:url\" content=\"https:\/\/chrysalid2-0.fr\/psycho-energie\/plan-du-site\/\" \/>\n<meta property=\"og:site_name\" content=\"Chrysalid 2.0 - Psycho-\u00e9nergie &amp; Design Humain\" \/>\n<meta property=\"article:publisher\" content=\"https:\/\/www.facebook.com\/chrysalid2.0\" \/>\n<meta property=\"article:modified_time\" content=\"2025-03-06T09:23:45+00:00\" \/>\n<meta name=\"twitter:card\" content=\"summary_large_image\" \/>\n<meta name=\"twitter:label1\" content=\"Dur\u00e9e de lecture estim\u00e9e\" \/>\n\t<meta name=\"twitter:data1\" content=\"1 minute\" \/>\n<script type=\"application\/ld+json\" class=\"yoast-schema-graph\">{\"@context\":\"https:\\\/\\\/schema.org\",\"@graph\":[{\"@type\":\"WebPage\",\"@id\":\"https:\\\/\\\/chrysalid2-0.fr\\\/psycho-energie\\\/plan-du-site\\\/\",\"url\":\"https:\\\/\\\/chrysalid2-0.fr\\\/psycho-energie\\\/plan-du-site\\\/\",\"name\":\"Chrysalid 2.0 - Psycho-\u00e9nergie &amp; Design Humain - Plan du site\",\"isPartOf\":{\"@id\":\"https:\\\/\\\/chrysalid2-0.fr\\\/psycho-energie\\\/#website\"},\"datePublished\":\"2022-11-14T13:02:09+00:00\",\"dateModified\":\"2025-03-06T09:23:45+00:00\",\"description\":\"Plan du site Chrysalid 2.0 - Psycho-\u00e9nergie : https:\\\/\\\/chrysalid2-0.fr\\\/psycho-energie\",\"breadcrumb\":{\"@id\":\"https:\\\/\\\/chrysalid2-0.fr\\\/psycho-energie\\\/plan-du-site\\\/#breadcrumb\"},\"inLanguage\":\"fr-FR\",\"potentialAction\":[{\"@type\":\"ReadAction\",\"target\":[\"https:\\\/\\\/chrysalid2-0.fr\\\/psycho-energie\\\/plan-du-site\\\/\"]}]},{\"@type\":\"BreadcrumbList\",\"@id\":\"https:\\\/\\\/chrysalid2-0.fr\\\/psycho-energie\\\/plan-du-site\\\/#breadcrumb\",\"itemListElement\":[{\"@type\":\"ListItem\",\"position\":1,\"name\":\"Accueil\",\"item\":\"https:\\\/\\\/chrysalid2-0.fr\\\/psycho-energie\\\/\"},{\"@type\":\"ListItem\",\"position\":2,\"name\":\"Plan du site\"}]},{\"@type\":\"WebSite\",\"@id\":\"https:\\\/\\\/chrysalid2-0.fr\\\/psycho-energie\\\/#website\",\"url\":\"https:\\\/\\\/chrysalid2-0.fr\\\/psycho-energie\\\/\",\"name\":\"Chrysalid 2.0 - Psycho-\u00e9nergie & Design Humain\",\"description\":\"Osez le chemin de l&#039;authenticit\u00e9 !\",\"publisher\":{\"@id\":\"https:\\\/\\\/chrysalid2-0.fr\\\/psycho-energie\\\/#organization\"},\"alternateName\":\"Chrysalid 2.0\",\"potentialAction\":[{\"@type\":\"SearchAction\",\"target\":{\"@type\":\"EntryPoint\",\"urlTemplate\":\"https:\\\/\\\/chrysalid2-0.fr\\\/psycho-energie\\\/?s={search_term_string}\"},\"query-input\":{\"@type\":\"PropertyValueSpecification\",\"valueRequired\":true,\"valueName\":\"search_term_string\"}}],\"inLanguage\":\"fr-FR\"},{\"@type\":\"Organization\",\"@id\":\"https:\\\/\\\/chrysalid2-0.fr\\\/psycho-energie\\\/#organization\",\"name\":\"Chrysalid 2.0 - Psycho-\u00e9nergie & Design Humain\",\"alternateName\":\"Chrysalid 2.0\",\"url\":\"https:\\\/\\\/chrysalid2-0.fr\\\/psycho-energie\\\/\",\"logo\":{\"@type\":\"ImageObject\",\"inLanguage\":\"fr-FR\",\"@id\":\"https:\\\/\\\/chrysalid2-0.fr\\\/psycho-energie\\\/#\\\/schema\\\/logo\\\/image\\\/\",\"url\":\"https:\\\/\\\/chrysalid2-0.fr\\\/psycho-energie\\\/wp-content\\\/uploads\\\/sites\\\/4\\\/2022\\\/10\\\/logo-chrysalid-2-0-350x350-1.jpg\",\"contentUrl\":\"https:\\\/\\\/chrysalid2-0.fr\\\/psycho-energie\\\/wp-content\\\/uploads\\\/sites\\\/4\\\/2022\\\/10\\\/logo-chrysalid-2-0-350x350-1.jpg\",\"width\":350,\"height\":350,\"caption\":\"Chrysalid 2.0 - Psycho-\u00e9nergie & Design Humain\"},\"image\":{\"@id\":\"https:\\\/\\\/chrysalid2-0.fr\\\/psycho-energie\\\/#\\\/schema\\\/logo\\\/image\\\/\"},\"sameAs\":[\"https:\\\/\\\/www.facebook.com\\\/chrysalid2.0\",\"https:\\\/\\\/www.instagram.com\\\/chrysalid2.0\\\/\",\"https:\\\/\\\/www.linkedin.com\\\/in\\\/sara-berbel-a488a2218\\\/\"]}]}<\/script>\n<!-- \/ Yoast SEO plugin. -->","yoast_head_json":{"title":"Chrysalid 2.0 - Psycho-\u00e9nergie &amp; Design Humain - Plan du site","description":"Plan du site Chrysalid 2.0 - Psycho-\u00e9nergie : https:\/\/chrysalid2-0.fr\/psycho-energie","robots":{"index":"index","follow":"follow","max-snippet":"max-snippet:-1","max-image-preview":"max-image-preview:large","max-video-preview":"max-video-preview:-1"},"canonical":"https:\/\/chrysalid2-0.fr\/psycho-energie\/plan-du-site\/","og_locale":"fr_FR","og_type":"article","og_title":"Chrysalid 2.0 - Psycho-\u00e9nergie &amp; Design Humain - Plan du site","og_description":"Plan du site Chrysalid 2.0 - Psycho-\u00e9nergie : https:\/\/chrysalid2-0.fr\/psycho-energie","og_url":"https:\/\/chrysalid2-0.fr\/psycho-energie\/plan-du-site\/","og_site_name":"Chrysalid 2.0 - Psycho-\u00e9nergie &amp; Design Humain","article_publisher":"https:\/\/www.facebook.com\/chrysalid2.0","article_modified_time":"2025-03-06T09:23:45+00:00","twitter_card":"summary_large_image","twitter_misc":{"Dur\u00e9e de lecture estim\u00e9e":"1 minute"},"schema":{"@context":"https:\/\/schema.org","@graph":[{"@type":"WebPage","@id":"https:\/\/chrysalid2-0.fr\/psycho-energie\/plan-du-site\/","url":"https:\/\/chrysalid2-0.fr\/psycho-energie\/plan-du-site\/","name":"Chrysalid 2.0 - Psycho-\u00e9nergie &amp; Design Humain - Plan du site","isPartOf":{"@id":"https:\/\/chrysalid2-0.fr\/psycho-energie\/#website"},"datePublished":"2022-11-14T13:02:09+00:00","dateModified":"2025-03-06T09:23:45+00:00","description":"Plan du site Chrysalid 2.0 - Psycho-\u00e9nergie : https:\/\/chrysalid2-0.fr\/psycho-energie","breadcrumb":{"@id":"https:\/\/chrysalid2-0.fr\/psycho-energie\/plan-du-site\/#breadcrumb"},"inLanguage":"fr-FR","potentialAction":[{"@type":"ReadAction","target":["https:\/\/chrysalid2-0.fr\/psycho-energie\/plan-du-site\/"]}]},{"@type":"BreadcrumbList","@id":"https:\/\/chrysalid2-0.fr\/psycho-energie\/plan-du-site\/#breadcrumb","itemListElement":[{"@type":"ListItem","position":1,"name":"Accueil","item":"https:\/\/chrysalid2-0.fr\/psycho-energie\/"},{"@type":"ListItem","position":2,"name":"Plan du site"}]},{"@type":"WebSite","@id":"https:\/\/chrysalid2-0.fr\/psycho-energie\/#website","url":"https:\/\/chrysalid2-0.fr\/psycho-energie\/","name":"Chrysalid 2.0 - Psycho-\u00e9nergie & Design Humain","description":"Osez le chemin de l&#039;authenticit\u00e9 !","publisher":{"@id":"https:\/\/chrysalid2-0.fr\/psycho-energie\/#organization"},"alternateName":"Chrysalid 2.0","potentialAction":[{"@type":"SearchAction","target":{"@type":"EntryPoint","urlTemplate":"https:\/\/chrysalid2-0.fr\/psycho-energie\/?s={search_term_string}"},"query-input":{"@type":"PropertyValueSpecification","valueRequired":true,"valueName":"search_term_string"}}],"inLanguage":"fr-FR"},{"@type":"Organization","@id":"https:\/\/chrysalid2-0.fr\/psycho-energie\/#organization","name":"Chrysalid 2.0 - Psycho-\u00e9nergie & Design Humain","alternateName":"Chrysalid 2.0","url":"https:\/\/chrysalid2-0.fr\/psycho-energie\/","logo":{"@type":"ImageObject","inLanguage":"fr-FR","@id":"https:\/\/chrysalid2-0.fr\/psycho-energie\/#\/schema\/logo\/image\/","url":"https:\/\/chrysalid2-0.fr\/psycho-energie\/wp-content\/uploads\/sites\/4\/2022\/10\/logo-chrysalid-2-0-350x350-1.jpg","contentUrl":"https:\/\/chrysalid2-0.fr\/psycho-energie\/wp-content\/uploads\/sites\/4\/2022\/10\/logo-chrysalid-2-0-350x350-1.jpg","width":350,"height":350,"caption":"Chrysalid 2.0 - Psycho-\u00e9nergie & Design Humain"},"image":{"@id":"https:\/\/chrysalid2-0.fr\/psycho-energie\/#\/schema\/logo\/image\/"},"sameAs":["https:\/\/www.facebook.com\/chrysalid2.0","https:\/\/www.instagram.com\/chrysalid2.0\/","https:\/\/www.linkedin.com\/in\/sara-berbel-a488a2218\/"]}]}},"_links":{"self":[{"href":"https:\/\/chrysalid2-0.fr\/psycho-energie\/wp-json\/wp\/v2\/pages\/3403","targetHints":{"allow":["GET"]}}],"collection":[{"href":"https:\/\/chrysalid2-0.fr\/psycho-energie\/wp-json\/wp\/v2\/pages"}],"about":[{"href":"https:\/\/chrysalid2-0.fr\/psycho-energie\/wp-json\/wp\/v2\/types\/page"}],"author":[{"embeddable":true,"href":"https:\/\/chrysalid2-0.fr\/psycho-energie\/wp-json\/wp\/v2\/users\/1"}],"replies":[{"embeddable":true,"href":"https:\/\/chrysalid2-0.fr\/psycho-energie\/wp-json\/wp\/v2\/comments?post=3403"}],"version-history":[{"count":1,"href":"https:\/\/chrysalid2-0.fr\/psycho-energie\/wp-json\/wp\/v2\/pages\/3403\/revisions"}],"predecessor-version":[{"id":12217,"href":"https:\/\/chrysalid2-0.fr\/psycho-energie\/wp-json\/wp\/v2\/pages\/3403\/revisions\/12217"}],"wp:attachment":[{"href":"https:\/\/chrysalid2-0.fr\/psycho-energie\/wp-json\/wp\/v2\/media?parent=3403"}],"curies":[{"name":"wp","href":"https:\/\/api.w.org\/{rel}","templated":true}]}}